{"id":471,"date":"2026-03-12T08:20:36","date_gmt":"2026-03-12T08:20:36","guid":{"rendered":"https:\/\/love-sand.com\/?post_type=product&#038;p=471"},"modified":"2026-03-31T07:02:09","modified_gmt":"2026-03-31T07:02:09","slug":"arena-bentonita-para-gatos-2","status":"publish","type":"product","link":"https:\/\/love-sand.com\/es\/product\/arena-bentonita-para-gatos-2\/","title":{"rendered":"Arena bentonita para gatos 10L Black Series"},"content":{"rendered":"<table>\n<tbody>\n<tr>\n<td width=\"284\">Cantidad m\u00ednima de pedido<\/td>\n<td width=\"284\">Un contenedor de 20 pies (unas 26 toneladas)<\/td>\n<\/tr>\n<tr>\n<td width=\"284\">Paquete<\/td>\n<td width=\"284\">10L (8KG)<\/td>\n<\/tr>\n<tr>\n<td width=\"284\">Embalaje exterior<\/td>\n<td width=\"284\">Bolsa de PP transparente<\/td>\n<\/tr>\n<tr>\n<td width=\"284\">Forma del paquete<\/td>\n<td width=\"284\">Cada 3 bolsas embaladas en una bolsa de PP transparente (24KG)<\/td>\n<\/tr>\n<tr>\n<td width=\"284\">Plazo de entrega<\/td>\n<td width=\"284\">En los 15 d\u00edas siguientes a la recepci\u00f3n del pago<\/td>\n<\/tr>\n<tr>\n<td width=\"284\">Condiciones de pago<\/td>\n<td width=\"284\">T\/T<\/td>\n<\/tr>\n<tr>\n<td width=\"284\">Servicios personalizados<\/td>\n<td width=\"284\">Aceptado<\/td>\n<\/tr>\n<\/tbody>\n<\/table>\n<p>LOVE SAND Arena bentonita para gatos de 10 litros, el tama\u00f1o m\u00e1s popular para uso dom\u00e9stico.<\/p>\n<p>La arena bentonita para gatos LOVE SAND 10L es uno de los tama\u00f1os de envase m\u00e1s populares para gatos de uso diario. Ha conseguido un equilibrio ideal entre tama\u00f1o y comodidad, y es adecuada para la mayor\u00eda de las familias con gatos.<\/p>\n<p>Este tipo de arena para gatos est\u00e1 fabricada con bentonita de alta calidad, que tiene una r\u00e1pida velocidad de absorci\u00f3n y un gran poder aglomerante, y ayuda a mantener la caja de arena del gato seca y f\u00e1cil de limpiar.<\/p>\n<p>Los envases de 10 litros son los preferidos por minoristas y tiendas de animales, porque proporcionan cantidades pr\u00e1cticas para el uso rutinario y son f\u00e1ciles de almacenar y transportar.<\/p>\n<p>&nbsp;<\/p>","protected":false},"excerpt":{"rendered":"<p>Materia prima: Bentonita s\u00f3dica natural<br \/>\nTama\u00f1o del gr\u00e1nulo: 1-4 mm<br \/>\nForma: Esf\u00e9rica\/Aplastada (personalizable)<br \/>\nTasa de absorci\u00f3n: \u2265 350%<br \/>\nPH: \u22658<br \/>\nResistencia a la compresi\u00f3n(g): &gt;400g<br \/>\nNivel de polvo: \u22641%<br \/>\nAroma: Original, Manzana, Lim\u00f3n, Lavanda, Caf\u00e9, Rosa, Polvo de Beb\u00e9<br \/>\nOEM \/ Marca blanca disponible<\/p>","protected":false},"featured_media":306,"comment_status":"open","ping_status":"closed","template":"","meta":[],"product_brand":[],"product_cat":[26],"product_tag":[],"class_list":{"0":"post-471","1":"product","2":"type-product","3":"status-publish","4":"has-post-thumbnail","6":"product_cat-bentonite-cat-litter","8":"first","9":"instock","10":"shipping-taxable","11":"product-type-simple"},"_links":{"self":[{"href":"https:\/\/love-sand.com\/es\/wp-json\/wp\/v2\/product\/471","targetHints":{"allow":["GET"]}}],"collection":[{"href":"https:\/\/love-sand.com\/es\/wp-json\/wp\/v2\/product"}],"about":[{"href":"https:\/\/love-sand.com\/es\/wp-json\/wp\/v2\/types\/product"}],"replies":[{"embeddable":true,"href":"https:\/\/love-sand.com\/es\/wp-json\/wp\/v2\/comments?post=471"}],"version-history":[{"count":10,"href":"https:\/\/love-sand.com\/es\/wp-json\/wp\/v2\/product\/471\/revisions"}],"predecessor-version":[{"id":676,"href":"https:\/\/love-sand.com\/es\/wp-json\/wp\/v2\/product\/471\/revisions\/676"}],"wp:featuredmedia":[{"embeddable":true,"href":"https:\/\/love-sand.com\/es\/wp-json\/wp\/v2\/media\/306"}],"wp:attachment":[{"href":"https:\/\/love-sand.com\/es\/wp-json\/wp\/v2\/media?parent=471"}],"wp:term":[{"taxonomy":"product_brand","embeddable":true,"href":"https:\/\/love-sand.com\/es\/wp-json\/wp\/v2\/product_brand?post=471"},{"taxonomy":"product_cat","embeddable":true,"href":"https:\/\/love-sand.com\/es\/wp-json\/wp\/v2\/product_cat?post=471"},{"taxonomy":"product_tag","embeddable":true,"href":"https:\/\/love-sand.com\/es\/wp-json\/wp\/v2\/product_tag?post=471"}],"curies":[{"name":"wp","href":"https:\/\/api.w.org\/{rel}","templated":true}]}}